{"id":251,"date":"2020-04-09T10:07:14","date_gmt":"2020-04-09T10:07:14","guid":{"rendered":"https:\/\/organium.artureanec.com\/?page_id=251"},"modified":"2025-10-07T08:53:35","modified_gmt":"2025-10-07T08:53:35","slug":"contact","status":"publish","type":"page","link":"https:\/\/frutol.net\/pl\/contact\/","title":{"rendered":"Kontakt"},"content":{"rendered":"\t\t<div data-elementor-type=\"wp-page\" data-elementor-id=\"251\" class=\"elementor elementor-251\">\n\t\t\t\t\t\t<div class=\"elementor-inner\">\n\t\t\t\t<div class=\"elementor-section-wrap\">\n\t\t\t\t\t\t\t\t\t<section class=\"elementor-section elementor-top-section elementor-element elementor-element-f956b13 elementor-section-boxed elementor-section-height-default elementor-section-height-default\" data-id=\"f956b13\" data-element_type=\"section\">\n\t\t\t\t\t\t<div class=\"elementor-container elementor-column-gap-extended\">\n\t\t\t\t\t\t\t<div class=\"elementor-row\">\n\t\t\t\t\t<div class=\"elementor-column elementor-col-50 elementor-top-column elementor-element elementor-element-b8f22f4\" data-id=\"b8f22f4\" data-element_type=\"column\">\n\t\t\t<div class=\"elementor-column-wrap elementor-element-populated\">\n\t\t\t\t\t\t\t<div class=\"elementor-widget-wrap\">\n\t\t\t\t\t\t<div class=\"elementor-element elementor-element-d865d00 elementor-absolute elementor-hidden-tablet elementor-hidden-phone elementor-widget elementor-widget-image\" data-id=\"d865d00\" data-element_type=\"widget\" data-settings=\"{&quot;_position&quot;:&quot;absolute&quot;}\" data-widget_type=\"image.default\">\n\t\t\t\t<div class=\"elementor-widget-container\">\n\t\t\t<style>\/*! elementor - v3.12.1 - 02-04-2023 *\/\n.elementor-widget-image{text-align:center}.elementor-widget-image a{display:inline-block}.elementor-widget-image a img[src$=\".svg\"]{width:48px}.elementor-widget-image img{vertical-align:middle;display:inline-block}<\/style>\t\t\t\t\t<div class=\"elementor-image\">\n\t\t\t\t\t\t\t\t\t\t\t\t<img loading=\"lazy\" decoding=\"async\" width=\"278\" height=\"188\" src=\"https:\/\/frutol.net\/pl\/wp-content\/uploads\/2023\/03\/contacts-pic-1.png\" class=\"attachment-full size-full wp-image-5687\" alt=\"\" \/>\t\t\t\t\t\t\t\t\t\t\t\t\t\t<\/div>\n\t\t\t\t\t\t<\/div>\n\t\t\t\t<\/div>\n\t\t\t\t<div class=\"elementor-element elementor-element-712e365 elementor-widget elementor-widget-organium_heading\" data-id=\"712e365\" data-element_type=\"widget\" data-widget_type=\"organium_heading.default\">\n\t\t\t\t<div class=\"elementor-widget-container\">\n\t\t\t\n        <div class=\"organium_heading_widget\">\n                            <h5 class=\"organium_heading\">\n\n                    Informacje kontaktowe                 <\/h5>\n                        <\/div>\n        \t\t<\/div>\n\t\t\t\t<\/div>\n\t\t\t\t<div class=\"elementor-element elementor-element-c84c667 icon_position_left alignment-left alignment-mobile-center alignment-tablet-center elementor-widget-tablet__width-initial elementor-widget-mobile__width-inherit block_behavior_narrow elementor-widget elementor-widget-organium_icon_box\" data-id=\"c84c667\" data-element_type=\"widget\" data-widget_type=\"organium_icon_box.default\">\n\t\t\t\t<div class=\"elementor-widget-container\">\n\t\t\t\n        <div class=\"organium_icon_box_widget\">\n            <div class=\"organium_icon_box_item\">\n\n                <div class=\"organium_icon_container background_type_image\">\n                    <span class=\"icon\"><svg version=\"1.1\" xmlns=\"http:\/\/www.w3.org\/2000\/svg\" viewBox=\"0 0 384 384\">\n\t<path d=\"M353.188,252.052c-23.51,0-46.594-3.677-68.469-10.906c-10.719-3.656-23.896-0.302-30.438,6.417l-43.177,32.594c-50.073-26.729-80.917-57.563-107.281-107.26l31.635-42.052c8.219-8.208,11.167-20.198,7.635-31.448c-7.26-21.99-10.948-45.063-10.948-68.583C132.146,13.823,118.323,0,101.333,0H30.813C13.823,0,0,13.823,0,30.813C0,225.563,158.438,384,353.188,384c16.99,0,30.813-13.823,30.813-30.813v-70.323C384,265.875,370.177,252.052,353.188,252.052z\" \/>\n<\/svg><\/span><img decoding=\"async\" class=\"organium_bg_image\" src=\"https:\/\/frutol.net\/pl\/wp-content\/uploads\/2023\/03\/bg-icon-box-12.png\" alt=\"Background Image\" \/>                <\/div>\n\n                <div class=\"organium_icon_box_content\">\n                    <h6 class=\"organium_icon_box_title\">Telefon<\/h6>\n                    <div class=\"organium_info_container\">\n                        <p>+386 8 383 24 58<\/p>                    <\/div>\n                <\/div>\n            <\/div>\n        <\/div>\n        \t\t<\/div>\n\t\t\t\t<\/div>\n\t\t\t\t<div class=\"elementor-element elementor-element-539ca0b icon_position_left alignment-left alignment-mobile-center alignment-tablet-center elementor-widget-tablet__width-initial elementor-widget-mobile__width-inherit block_behavior_narrow elementor-widget elementor-widget-organium_icon_box\" data-id=\"539ca0b\" data-element_type=\"widget\" data-widget_type=\"organium_icon_box.default\">\n\t\t\t\t<div class=\"elementor-widget-container\">\n\t\t\t\n        <div class=\"organium_icon_box_widget\">\n            <div class=\"organium_icon_box_item\">\n\n                <div class=\"organium_icon_container background_type_image\">\n                    <span class=\"icon\"><svg version=\"1.1\" viewBox=\"0 0 24 24\" xmlns=\"http:\/\/www.w3.org\/2000\/svg\">\n\t<path d=\"m8.75 17.612v4.638c0 .324.208.611.516.713.077.025.156.037.234.037.234 0 .46-.11.604-.306l2.713-3.692z\"\/>\n\t<path d=\"m23.685.139c-.23-.163-.532-.185-.782-.054l-22.5 11.75c-.266.139-.423.423-.401.722.023.3.222.556.505.653l6.255 2.138 13.321-11.39-10.308 12.419 10.483 3.583c.078.026.16.04.242.04.136 0 .271-.037.39-.109.19-.116.319-.311.352-.53l2.75-18.5c.041-.28-.077-.558-.307-.722z\"\/>\n<\/svg><\/span><img decoding=\"async\" class=\"organium_bg_image\" src=\"https:\/\/frutol.net\/pl\/wp-content\/uploads\/2023\/03\/bg-icon-box-123.png\" alt=\"Background Image\" \/>                <\/div>\n\n                <div class=\"organium_icon_box_content\">\n                    <h6 class=\"organium_icon_box_title\">E-mail<\/h6>\n                    <div class=\"organium_info_container\">\n                        <p>info@frutol.net<\/p>                    <\/div>\n                <\/div>\n            <\/div>\n        <\/div>\n        \t\t<\/div>\n\t\t\t\t<\/div>\n\t\t\t\t\t\t<\/div>\n\t\t\t\t\t<\/div>\n\t\t<\/div>\n\t\t\t\t<div class=\"elementor-column elementor-col-50 elementor-top-column elementor-element elementor-element-5ef7023\" data-id=\"5ef7023\" data-element_type=\"column\">\n\t\t\t<div class=\"elementor-column-wrap elementor-element-populated\">\n\t\t\t\t\t\t\t<div class=\"elementor-widget-wrap\">\n\t\t\t\t\t\t<div class=\"elementor-element elementor-element-00cc562 elementor-absolute elementor-hidden-tablet elementor-hidden-phone elementor-widget elementor-widget-image\" data-id=\"00cc562\" data-element_type=\"widget\" data-settings=\"{&quot;_position&quot;:&quot;absolute&quot;}\" data-widget_type=\"image.default\">\n\t\t\t\t<div class=\"elementor-widget-container\">\n\t\t\t\t\t\t\t\t<div class=\"elementor-image\">\n\t\t\t\t\t\t\t\t\t\t\t\t<img loading=\"lazy\" decoding=\"async\" width=\"224\" height=\"301\" src=\"https:\/\/frutol.net\/pl\/wp-content\/uploads\/2023\/03\/bg-services-1.png\" class=\"attachment-full size-full wp-image-5688\" alt=\"\" \/>\t\t\t\t\t\t\t\t\t\t\t\t\t\t<\/div>\n\t\t\t\t\t\t<\/div>\n\t\t\t\t<\/div>\n\t\t\t\t<div class=\"elementor-element elementor-element-100c34c alignment-left alignment-tablet-center alignment-mobile-left elementor-widget elementor-widget-organium_wpforms\" data-id=\"100c34c\" data-element_type=\"widget\" data-widget_type=\"organium_wpforms.default\">\n\t\t\t\t<div class=\"elementor-widget-container\">\n\t\t\t        <div class=\"organium_wpforms_widget\">\n            <h5>Wy\u015blij wniosek<\/h5><div class=\"wpforms-container wpforms-container-full\" id=\"wpforms-3521\"><form id=\"wpforms-form-3521\" class=\"wpforms-validate wpforms-form wpforms-ajax-form\" data-formid=\"3521\" method=\"post\" enctype=\"multipart\/form-data\" action=\"\/pl\/wp-json\/wp\/v2\/pages\/251\" data-token=\"4459a49573ee8668b1694d14d1faf24a\"><noscript class=\"wpforms-error-noscript\">Aby wype\u0142ni\u0107 ten formularz, w\u0142\u0105cz obs\u0142ug\u0119 JavaScript w przegl\u0105darce.<\/noscript><div class=\"wpforms-field-container\"><div id=\"wpforms-3521-field_0-container\" class=\"wpforms-field wpforms-field-text wpforms-one-half wpforms-first\" data-field-id=\"0\"><label class=\"wpforms-field-label wpforms-label-hide\" for=\"wpforms-3521-field_0\">Name <span class=\"wpforms-required-label\">*<\/span><\/label><input type=\"text\" id=\"wpforms-3521-field_0\" class=\"wpforms-field-large wpforms-field-required\" name=\"wpforms[fields][0]\" placeholder=\"Imi\u0119 i nazwisko\/Nazwa \" required><\/div><div id=\"wpforms-3521-field_1-container\" class=\"wpforms-field wpforms-field-email wpforms-one-half\" data-field-id=\"1\"><label class=\"wpforms-field-label wpforms-label-hide\" for=\"wpforms-3521-field_1\">Email <span class=\"wpforms-required-label\">*<\/span><\/label><input type=\"email\" id=\"wpforms-3521-field_1\" class=\"wpforms-field-large wpforms-field-required\" name=\"wpforms[fields][1]\" placeholder=\"E-mail \" spellcheck=\"false\" required><\/div><div id=\"wpforms-3521-field_2-container\" class=\"wpforms-field wpforms-field-textarea\" data-field-id=\"2\"><label class=\"wpforms-field-label wpforms-label-hide\" for=\"wpforms-3521-field_2\">Komentarz lub wiadomo\u015b\u0107  <span class=\"wpforms-required-label\">*<\/span><\/label><textarea id=\"wpforms-3521-field_2\" class=\"wpforms-field-large wpforms-field-required\" name=\"wpforms[fields][2]\" placeholder=\"Komentarz lub wiadomo\u015b\u0107 \" required><\/textarea><\/div><\/div><!-- .wpforms-field-container --><input type=\"hidden\" name=\"wpforms[recaptcha]\" value=\"\"><div class=\"wpforms-submit-container\" ><input type=\"hidden\" name=\"wpforms[id]\" value=\"3521\"><input type=\"hidden\" name=\"wpforms[author]\" value=\"1\"><button type=\"submit\" name=\"wpforms[submit]\" id=\"wpforms-submit-3521\" class=\"wpforms-submit\" data-alt-text=\"\u0141adowanie...\" data-submit-text=\"Wy\u015blij\" aria-live=\"assertive\" value=\"wpforms-submit\">Wy\u015blij<\/button><img loading=\"lazy\" decoding=\"async\" src=\"https:\/\/frutol.net\/pl\/wp-content\/plugins\/wpforms-lite\/assets\/images\/submit-spin.svg\" class=\"wpforms-submit-spinner\" style=\"display: none;\" width=\"26\" height=\"26\" alt=\"Wczytywanie\"><\/div><\/form><\/div>  <!-- .wpforms-container -->        <\/div>\n        \t\t<\/div>\n\t\t\t\t<\/div>\n\t\t\t\t\t\t<\/div>\n\t\t\t\t\t<\/div>\n\t\t<\/div>\n\t\t\t\t\t\t\t\t<\/div>\n\t\t\t\t\t<\/div>\n\t\t<\/section>\n\t\t\t\t<section class=\"elementor-section elementor-top-section elementor-element elementor-element-feac062 elementor-section-boxed elementor-section-height-default elementor-section-height-default\" data-id=\"feac062\" data-element_type=\"section\">\n\t\t\t\t\t\t<div class=\"elementor-container elementor-column-gap-default\">\n\t\t\t\t\t\t\t<div class=\"elementor-row\">\n\t\t\t\t\t<div class=\"elementor-column elementor-col-100 elementor-top-column elementor-element elementor-element-dac2686\" data-id=\"dac2686\" data-element_type=\"column\">\n\t\t\t<div class=\"elementor-column-wrap elementor-element-populated\">\n\t\t\t\t\t\t\t<div class=\"elementor-widget-wrap\">\n\t\t\t\t\t\t<div class=\"elementor-element elementor-element-6286a6f elementor-widget elementor-widget-spacer\" data-id=\"6286a6f\" data-element_type=\"widget\" data-widget_type=\"spacer.default\">\n\t\t\t\t<div class=\"elementor-widget-container\">\n\t\t\t<style>\/*! elementor - v3.12.1 - 02-04-2023 *\/\n.elementor-column .elementor-spacer-inner{height:var(--spacer-size)}.e-con{--container-widget-width:100%}.e-con-inner>.elementor-widget-spacer,.e-con>.elementor-widget-spacer{width:var(--container-widget-width,var(--spacer-size));--align-self:var(--container-widget-align-self,initial);--flex-shrink:0}.e-con-inner>.elementor-widget-spacer>.elementor-widget-container,.e-con-inner>.elementor-widget-spacer>.elementor-widget-container>.elementor-spacer,.e-con>.elementor-widget-spacer>.elementor-widget-container,.e-con>.elementor-widget-spacer>.elementor-widget-container>.elementor-spacer{height:100%}.e-con-inner>.elementor-widget-spacer>.elementor-widget-container>.elementor-spacer>.elementor-spacer-inner,.e-con>.elementor-widget-spacer>.elementor-widget-container>.elementor-spacer>.elementor-spacer-inner{height:var(--container-widget-height,var(--spacer-size))}<\/style>\t\t<div class=\"elementor-spacer\">\n\t\t\t<div class=\"elementor-spacer-inner\"><\/div>\n\t\t<\/div>\n\t\t\t\t<\/div>\n\t\t\t\t<\/div>\n\t\t\t\t\t\t<\/div>\n\t\t\t\t\t<\/div>\n\t\t<\/div>\n\t\t\t\t\t\t\t\t<\/div>\n\t\t\t\t\t<\/div>\n\t\t<\/section>\n\t\t\t\t\t\t\t\t\t<\/div>\n\t\t\t<\/div>\n\t\t\t\t\t<\/div>\n\t\t","protected":false},"excerpt":{"rendered":"","protected":false},"author":1,"featured_media":0,"parent":0,"menu_order":0,"comment_status":"closed","ping_status":"closed","template":"","meta":{"inline_featured_image":false,"footnotes":""},"class_list":["post-251","page","type-page","status-publish","hentry"],"yoast_head":"<!-- This site is optimized with the Yoast SEO plugin v20.5 - https:\/\/yoast.com\/wordpress\/plugins\/seo\/ -->\n<title>Kontakt - Frutol<\/title>\n<meta name=\"robots\" content=\"index, follow, max-snippet:-1, max-image-preview:large, max-video-preview:-1\" \/>\n<link rel=\"canonical\" href=\"https:\/\/frutol.net\/pl\/contact\/\" \/>\n<meta property=\"og:locale\" content=\"pl_PL\" \/>\n<meta property=\"og:type\" content=\"article\" \/>\n<meta property=\"og:title\" content=\"Kontakt - Frutol\" \/>\n<meta property=\"og:url\" content=\"https:\/\/frutol.net\/pl\/contact\/\" \/>\n<meta property=\"og:site_name\" content=\"Frutol\" \/>\n<meta property=\"article:modified_time\" content=\"2025-10-07T08:53:35+00:00\" \/>\n<meta property=\"og:image\" content=\"https:\/\/frutol.net\/pl\/wp-content\/uploads\/2023\/03\/contacts-pic-1.png\" \/>\n<meta name=\"twitter:card\" content=\"summary_large_image\" \/>\n<meta name=\"twitter:label1\" content=\"Szacowany czas czytania\" \/>\n\t<meta name=\"twitter:data1\" content=\"2 minuty\" \/>\n<script type=\"application\/ld+json\" class=\"yoast-schema-graph\">{\"@context\":\"https:\/\/schema.org\",\"@graph\":[{\"@type\":\"WebPage\",\"@id\":\"https:\/\/frutol.net\/pl\/contact\/\",\"url\":\"https:\/\/frutol.net\/pl\/contact\/\",\"name\":\"Kontakt - Frutol\",\"isPartOf\":{\"@id\":\"https:\/\/frutol.net\/pl\/#website\"},\"datePublished\":\"2020-04-09T10:07:14+00:00\",\"dateModified\":\"2025-10-07T08:53:35+00:00\",\"breadcrumb\":{\"@id\":\"https:\/\/frutol.net\/pl\/contact\/#breadcrumb\"},\"inLanguage\":\"pl-PL\",\"potentialAction\":[{\"@type\":\"ReadAction\",\"target\":[\"https:\/\/frutol.net\/pl\/contact\/\"]}]},{\"@type\":\"BreadcrumbList\",\"@id\":\"https:\/\/frutol.net\/pl\/contact\/#breadcrumb\",\"itemListElement\":[{\"@type\":\"ListItem\",\"position\":1,\"name\":\"Home\",\"item\":\"https:\/\/frutol.net\/pl\/\"},{\"@type\":\"ListItem\",\"position\":2,\"name\":\"Kontakt\"}]},{\"@type\":\"WebSite\",\"@id\":\"https:\/\/frutol.net\/pl\/#website\",\"url\":\"https:\/\/frutol.net\/pl\/\",\"name\":\"Frutol\",\"description\":\"Aromaty dostosowane i dopracowane do Pa\u0144stwa gustu.\",\"publisher\":{\"@id\":\"https:\/\/frutol.net\/pl\/#organization\"},\"potentialAction\":[{\"@type\":\"SearchAction\",\"target\":{\"@type\":\"EntryPoint\",\"urlTemplate\":\"https:\/\/frutol.net\/pl\/?s={search_term_string}\"},\"query-input\":\"required name=search_term_string\"}],\"inLanguage\":\"pl-PL\"},{\"@type\":\"Organization\",\"@id\":\"https:\/\/frutol.net\/pl\/#organization\",\"name\":\"Frutol\",\"url\":\"https:\/\/frutol.net\/pl\/\",\"logo\":{\"@type\":\"ImageObject\",\"inLanguage\":\"pl-PL\",\"@id\":\"https:\/\/frutol.net\/pl\/#\/schema\/logo\/image\/\",\"url\":\"https:\/\/frutol.net\/wp-content\/uploads\/2023\/03\/logo-mobile.svg\",\"contentUrl\":\"https:\/\/frutol.net\/wp-content\/uploads\/2023\/03\/logo-mobile.svg\",\"width\":150,\"height\":73,\"caption\":\"Frutol\"},\"image\":{\"@id\":\"https:\/\/frutol.net\/pl\/#\/schema\/logo\/image\/\"}}]}<\/script>\n<!-- \/ Yoast SEO plugin. -->","yoast_head_json":{"title":"Kontakt - Frutol","robots":{"index":"index","follow":"follow","max-snippet":"max-snippet:-1","max-image-preview":"max-image-preview:large","max-video-preview":"max-video-preview:-1"},"canonical":"https:\/\/frutol.net\/pl\/contact\/","og_locale":"pl_PL","og_type":"article","og_title":"Kontakt - Frutol","og_url":"https:\/\/frutol.net\/pl\/contact\/","og_site_name":"Frutol","article_modified_time":"2025-10-07T08:53:35+00:00","og_image":[{"url":"https:\/\/frutol.net\/pl\/wp-content\/uploads\/2023\/03\/contacts-pic-1.png"}],"twitter_card":"summary_large_image","twitter_misc":{"Szacowany czas czytania":"2 minuty"},"schema":{"@context":"https:\/\/schema.org","@graph":[{"@type":"WebPage","@id":"https:\/\/frutol.net\/pl\/contact\/","url":"https:\/\/frutol.net\/pl\/contact\/","name":"Kontakt - Frutol","isPartOf":{"@id":"https:\/\/frutol.net\/pl\/#website"},"datePublished":"2020-04-09T10:07:14+00:00","dateModified":"2025-10-07T08:53:35+00:00","breadcrumb":{"@id":"https:\/\/frutol.net\/pl\/contact\/#breadcrumb"},"inLanguage":"pl-PL","potentialAction":[{"@type":"ReadAction","target":["https:\/\/frutol.net\/pl\/contact\/"]}]},{"@type":"BreadcrumbList","@id":"https:\/\/frutol.net\/pl\/contact\/#breadcrumb","itemListElement":[{"@type":"ListItem","position":1,"name":"Home","item":"https:\/\/frutol.net\/pl\/"},{"@type":"ListItem","position":2,"name":"Kontakt"}]},{"@type":"WebSite","@id":"https:\/\/frutol.net\/pl\/#website","url":"https:\/\/frutol.net\/pl\/","name":"Frutol","description":"Aromaty dostosowane i dopracowane do Pa\u0144stwa gustu.","publisher":{"@id":"https:\/\/frutol.net\/pl\/#organization"},"potentialAction":[{"@type":"SearchAction","target":{"@type":"EntryPoint","urlTemplate":"https:\/\/frutol.net\/pl\/?s={search_term_string}"},"query-input":"required name=search_term_string"}],"inLanguage":"pl-PL"},{"@type":"Organization","@id":"https:\/\/frutol.net\/pl\/#organization","name":"Frutol","url":"https:\/\/frutol.net\/pl\/","logo":{"@type":"ImageObject","inLanguage":"pl-PL","@id":"https:\/\/frutol.net\/pl\/#\/schema\/logo\/image\/","url":"https:\/\/frutol.net\/wp-content\/uploads\/2023\/03\/logo-mobile.svg","contentUrl":"https:\/\/frutol.net\/wp-content\/uploads\/2023\/03\/logo-mobile.svg","width":150,"height":73,"caption":"Frutol"},"image":{"@id":"https:\/\/frutol.net\/pl\/#\/schema\/logo\/image\/"}}]}},"_links":{"self":[{"href":"https:\/\/frutol.net\/pl\/wp-json\/wp\/v2\/pages\/251","targetHints":{"allow":["GET"]}}],"collection":[{"href":"https:\/\/frutol.net\/pl\/wp-json\/wp\/v2\/pages"}],"about":[{"href":"https:\/\/frutol.net\/pl\/wp-json\/wp\/v2\/types\/page"}],"author":[{"embeddable":true,"href":"https:\/\/frutol.net\/pl\/wp-json\/wp\/v2\/users\/1"}],"replies":[{"embeddable":true,"href":"https:\/\/frutol.net\/pl\/wp-json\/wp\/v2\/comments?post=251"}],"version-history":[{"count":7,"href":"https:\/\/frutol.net\/pl\/wp-json\/wp\/v2\/pages\/251\/revisions"}],"predecessor-version":[{"id":5813,"href":"https:\/\/frutol.net\/pl\/wp-json\/wp\/v2\/pages\/251\/revisions\/5813"}],"wp:attachment":[{"href":"https:\/\/frutol.net\/pl\/wp-json\/wp\/v2\/media?parent=251"}],"curies":[{"name":"wp","href":"https:\/\/api.w.org\/{rel}","templated":true}]}}