{"id":5796,"date":"2024-12-13T05:32:35","date_gmt":"2024-12-13T05:32:35","guid":{"rendered":"https:\/\/frutol.net\/sl\/?page_id=5796"},"modified":"2024-12-13T05:41:50","modified_gmt":"2024-12-13T05:41:50","slug":"videonadzor","status":"publish","type":"page","link":"https:\/\/frutol.net\/sl\/videonadzor\/","title":{"rendered":"Videonadzor"},"content":{"rendered":"<h4><span style=\"color: #000000;\">OBVESTILO POSAMEZNIKOM PO 13. \u010cLENU SPLO\u0160NE UREDBE O VARSTVU PODATKOV (GDPR) GLEDE OBDELAVE OSEBNIH PODATKOV<\/span><\/h4>\n<h4><span style=\"color: #000000;\">OBMO\u010cJE VIDEONADZORA<\/span><\/h4>\n<p><span style=\"color: #000000;\"><strong>\u00a0<\/strong><\/span><\/p>\n<p><span style=\"color: #000000;\"><strong>1. Upravljavec zbirke osebnih podatkov:<\/strong><\/span><\/p>\n<p><span style=\"color: #000000;\">FRUTOL FLAVOURS D.O.O., OPEKARNI\u0160KA CESTA 2C, 3000 CELJE, <a style=\"color: #000000;\" href=\"mailto:info@frutol.net\">info@frutol.net<\/a><\/span><\/p>\n<p>&nbsp;<\/p>\n<p><span style=\"color: #000000;\"><strong>2. Kontakti poobla\u0161\u010dene osebe videonadzornega sistema pri upravljavcu:<\/strong><\/span><\/p>\n<p><span style=\"color: #000000;\">Peter Drobe\u017e, <a style=\"color: #000000;\" href=\"mailto:peter@drobez.net\">peter@drobez.net<\/a><\/span><\/p>\n<p>&nbsp;<\/p>\n<p><span style=\"color: #000000;\"><strong>3. Namen obdelave osebnih podatkov:<\/strong><\/span><\/p>\n<p><span style=\"color: #000000;\">Videonadzorni sistem se izvaja z namenom:<\/span><\/p>\n<ul>\n<li><span style=\"color: #000000;\">zagotavljanja varovanja premo\u017eenja in ljudi v objektu;<\/span><\/li>\n<li><span style=\"color: #000000;\">varovanja nepremi\u010dnin in opreme v objektu in v varovanem obmo\u010dju;<\/span><\/li>\n<li><span style=\"color: #000000;\">zagotavljanje varnosti slu\u017ebenih prostorov in nadzora vstopa v objekt ter varovanje poslovnih skrivnosti.<\/span><\/li>\n<\/ul>\n<p>&nbsp;<\/p>\n<p><span style=\"color: #000000;\"><strong>4. Pravna podlaga za obdelavo osebnih podatkov:<\/strong><\/span><\/p>\n<p><span style=\"color: #000000;\">Zakon o varstvu osebnih podatkov ZVOP \u2013 2 (URL RS \u0161t. 163\/2022), Uredba EU 2016\/679<\/span><\/p>\n<p>&nbsp;<\/p>\n<p><span style=\"color: #000000;\"><strong>5. Obrazlo\u017eitev zakonitih interesov*:<\/strong> \/<\/span><\/p>\n<p>&nbsp;<\/p>\n<p><span style=\"color: #000000;\"><strong>6. Uporabniki ali kategorije uporabnikov** osebnih podatkov, \u010de obstajajo:<\/strong><\/span><\/p>\n<p><span style=\"color: #000000;\">Poobla\u0161\u010dene osebe na podlagi Pravilnika o videonadzoru. Posnetki se lahko na podlagi odredbe tudi posredujejo Policiji in drugim upravi\u010denim dr\u017eavnim organom.<\/span><\/p>\n<p>&nbsp;<\/p>\n<p><span style=\"color: #000000;\"><strong>7. Informacije o prenosih osebnih podatkov v tretjo dr\u017eavo ali mednarodno organizacijo:<\/strong><\/span><\/p>\n<p><span style=\"color: #000000;\">Podatki se ne prena\u0161ajo v tretje dr\u017eave ali mednarodne organizacije.<\/span><\/p>\n<p>&nbsp;<\/p>\n<p><span style=\"color: #000000;\"><strong>8. Obdobje hrambe osebnih podatkov ali, kadar to ni mogo\u010de, merila, ki se uporabijo za dolo\u010ditev tega<\/strong> <strong>obdobja:<\/strong><\/span><\/p>\n<p><span style=\"color: #000000;\">Posnetki se hranijo najve\u010d 30 dni od dneva nastanka.<\/span><\/p>\n<p>&nbsp;<\/p>\n<p><span style=\"color: #000000;\"><strong>9. Podjetja v skladi z zakonom nima imenovanega poobla\u0161\u010denca za zbiranje osebnih podatkov (DPO). Uveljavljanje pravic posameznika s podro\u010dja osebnih podatkov ali suma nezakonite obdelave osebnih podatkov se izvaja pri poobla\u0161\u010deni osebi za urejanje in zbiranje registra zbirk osebnih podatkov:<\/strong><\/span><\/p>\n<p><span style=\"color: #000000;\">Peter Drobe\u017e, email: <a style=\"color: #000000;\" href=\"mailto:peter@drobez.net\">peter@drobez.net<\/a><\/span><\/p>\n<p>&nbsp;<\/p>\n<p><span style=\"color: #000000;\"><strong>10. Informacije o obstoju pravic posameznika, da lahko zahteva dostop do osebnih podatkov in popravek ali izbris osebnih podatkov ali omejitev, ali obstoj pravice do ugovora obdelavi in pravice do prenosljivosti podatkov:<\/strong><\/span><\/p>\n<p><span style=\"color: #000000;\">Pravice do popravka zaradi narave videonadzora ni, prav tako ni pravice do prenosljivosti, ostale pravice posameznik ima.<\/span><\/p>\n<p>&nbsp;<\/p>\n<p><span style=\"color: #000000;\"><strong>11. Informacija o pravici do vlo\u017eitve prito\u017ebe pri nadzornem organu:<\/strong><\/span><\/p>\n<p><span style=\"color: #000000;\">Prito\u017ebo lahko podate Informacijskemu poobla\u0161\u010dencu (naslov: Dunajska 22, 1000 Ljubljana, e-naslov: gp.ip@ip-rs.si telefon: 012309730, spletna stran: <a style=\"color: #000000;\" href=\"http:\/\/www.ip-rs.si\">www.ip-rs.si<\/a>).<\/span><\/p>\n<p>&nbsp;<\/p>\n<p><span style=\"color: #000000;\"><strong>12. Informacije o tem:<\/strong><\/span><\/p>\n<p><span style=\"color: #000000;\">&#8211;\u00a0ali je zagotovitev osebnih podatkov\u00a0<strong>zakonska ali pogodbena obveznost<\/strong>: Ne.<\/span><\/p>\n<p><span style=\"color: #000000;\">&#8211;\u00a0ali\u00a0<strong>mora posameznik zagotoviti osebne podatke<\/strong>\u00a0ter kak\u0161ne so morebitne\u00a0<strong>posledice, \u010de jih ne zagotovi: <\/strong>Ne.<\/span><\/p>\n<p>&nbsp;<\/p>\n<p><span style=\"color: #000000;\"><strong>13. Informacije o obstoju avtomatiziranega sprejemanja odlo\u010ditev, vklju\u010dno z oblikovanjem profilov ter vsaj v takih primerih smiselne informacije o razlogih zanj, kot tudi pomen in predvidene posledice take obdelave za posameznika, na katerega se nana\u0161ajo osebni podatki:<\/strong><\/span><\/p>\n<p><span style=\"color: #000000;\">Ni avtomatiziranega sprejemanja odlo\u010ditev.<\/span><\/p>\n<p><span style=\"color: #000000;\">* To\u010dka (f) \u010dlena 6(1) Splo\u0161ne uredbe.<\/span><\/p>\n<p><span style=\"color: #000000;\">** To\u010dka (9) \u010dlena 4 Splo\u0161ne uredbe<\/span><\/p>\n","protected":false},"excerpt":{"rendered":"<p>OBVESTILO POSAMEZNIKOM PO 13. \u010cLENU SPLO\u0160NE UREDBE O VARSTVU PODATKOV (GDPR) GLEDE OBDELAVE OSEBNIH PODATKOV OBMO\u010cJE VIDEONADZORA \u00a0 1. Upravljavec zbirke osebnih podatkov: FRUTOL FLAVOURS D.O.O., OPEKARNI\u0160KA CESTA 2C, 3000 CELJE, info@frutol.net &nbsp; 2. Kontakti poobla\u0161\u010dene osebe videonadzornega sistema pri upravljavcu: Peter Drobe\u017e, peter@drobez.net &nbsp; 3. Namen obdelave osebnih podatkov: Videonadzorni sistem se izvaja z [&hellip;]<\/p>\n","protected":false},"author":1,"featured_media":0,"parent":0,"menu_order":0,"comment_status":"closed","ping_status":"closed","template":"","meta":{"inline_featured_image":false,"footnotes":""},"class_list":["post-5796","page","type-page","status-publish","hentry"],"yoast_head":"<!-- This site is optimized with the Yoast SEO plugin v24.0 - https:\/\/yoast.com\/wordpress\/plugins\/seo\/ -->\n<title>Videonadzor - Frutol<\/title>\n<meta name=\"robots\" content=\"index, follow, max-snippet:-1, max-image-preview:large, max-video-preview:-1\" \/>\n<link rel=\"canonical\" href=\"https:\/\/frutol.net\/sl\/videonadzor\/\" \/>\n<meta property=\"og:locale\" content=\"sl_SI\" \/>\n<meta property=\"og:type\" content=\"article\" \/>\n<meta property=\"og:title\" content=\"Videonadzor - Frutol\" \/>\n<meta property=\"og:description\" content=\"OBVESTILO POSAMEZNIKOM PO 13. \u010cLENU SPLO\u0160NE UREDBE O VARSTVU PODATKOV (GDPR) GLEDE OBDELAVE OSEBNIH PODATKOV OBMO\u010cJE VIDEONADZORA \u00a0 1. Upravljavec zbirke osebnih podatkov: FRUTOL FLAVOURS D.O.O., OPEKARNI\u0160KA CESTA 2C, 3000 CELJE, info@frutol.net &nbsp; 2. Kontakti poobla\u0161\u010dene osebe videonadzornega sistema pri upravljavcu: Peter Drobe\u017e, peter@drobez.net &nbsp; 3. Namen obdelave osebnih podatkov: Videonadzorni sistem se izvaja z [&hellip;]\" \/>\n<meta property=\"og:url\" content=\"https:\/\/frutol.net\/sl\/videonadzor\/\" \/>\n<meta property=\"og:site_name\" content=\"Frutol\" \/>\n<meta property=\"article:modified_time\" content=\"2024-12-13T05:41:50+00:00\" \/>\n<meta name=\"twitter:card\" content=\"summary_large_image\" \/>\n<meta name=\"twitter:label1\" content=\"Est. reading time\" \/>\n\t<meta name=\"twitter:data1\" content=\"3 minute\" \/>\n<script type=\"application\/ld+json\" class=\"yoast-schema-graph\">{\"@context\":\"https:\/\/schema.org\",\"@graph\":[{\"@type\":\"WebPage\",\"@id\":\"https:\/\/frutol.net\/sl\/videonadzor\/\",\"url\":\"https:\/\/frutol.net\/sl\/videonadzor\/\",\"name\":\"Videonadzor - Frutol\",\"isPartOf\":{\"@id\":\"https:\/\/frutol.net\/sl\/#website\"},\"datePublished\":\"2024-12-13T05:32:35+00:00\",\"dateModified\":\"2024-12-13T05:41:50+00:00\",\"breadcrumb\":{\"@id\":\"https:\/\/frutol.net\/sl\/videonadzor\/#breadcrumb\"},\"inLanguage\":\"sl-SI\",\"potentialAction\":[{\"@type\":\"ReadAction\",\"target\":[\"https:\/\/frutol.net\/sl\/videonadzor\/\"]}]},{\"@type\":\"BreadcrumbList\",\"@id\":\"https:\/\/frutol.net\/sl\/videonadzor\/#breadcrumb\",\"itemListElement\":[{\"@type\":\"ListItem\",\"position\":1,\"name\":\"Home\",\"item\":\"https:\/\/frutol.net\/sl\/\"},{\"@type\":\"ListItem\",\"position\":2,\"name\":\"Videonadzor\"}]},{\"@type\":\"WebSite\",\"@id\":\"https:\/\/frutol.net\/sl\/#website\",\"url\":\"https:\/\/frutol.net\/sl\/\",\"name\":\"Frutol\",\"description\":\"Okusi prilagojeni in izpopolnjeni po va\u0161i izbiri\",\"publisher\":{\"@id\":\"https:\/\/frutol.net\/sl\/#organization\"},\"potentialAction\":[{\"@type\":\"SearchAction\",\"target\":{\"@type\":\"EntryPoint\",\"urlTemplate\":\"https:\/\/frutol.net\/sl\/?s={search_term_string}\"},\"query-input\":{\"@type\":\"PropertyValueSpecification\",\"valueRequired\":true,\"valueName\":\"search_term_string\"}}],\"inLanguage\":\"sl-SI\"},{\"@type\":\"Organization\",\"@id\":\"https:\/\/frutol.net\/sl\/#organization\",\"name\":\"Frutol\",\"url\":\"https:\/\/frutol.net\/sl\/\",\"logo\":{\"@type\":\"ImageObject\",\"inLanguage\":\"sl-SI\",\"@id\":\"https:\/\/frutol.net\/sl\/#\/schema\/logo\/image\/\",\"url\":\"https:\/\/frutol.net\/wp-content\/uploads\/2023\/03\/logo-mobile.svg\",\"contentUrl\":\"https:\/\/frutol.net\/wp-content\/uploads\/2023\/03\/logo-mobile.svg\",\"width\":150,\"height\":73,\"caption\":\"Frutol\"},\"image\":{\"@id\":\"https:\/\/frutol.net\/sl\/#\/schema\/logo\/image\/\"}}]}<\/script>\n<!-- \/ Yoast SEO plugin. -->","yoast_head_json":{"title":"Videonadzor - Frutol","robots":{"index":"index","follow":"follow","max-snippet":"max-snippet:-1","max-image-preview":"max-image-preview:large","max-video-preview":"max-video-preview:-1"},"canonical":"https:\/\/frutol.net\/sl\/videonadzor\/","og_locale":"sl_SI","og_type":"article","og_title":"Videonadzor - Frutol","og_description":"OBVESTILO POSAMEZNIKOM PO 13. \u010cLENU SPLO\u0160NE UREDBE O VARSTVU PODATKOV (GDPR) GLEDE OBDELAVE OSEBNIH PODATKOV OBMO\u010cJE VIDEONADZORA \u00a0 1. Upravljavec zbirke osebnih podatkov: FRUTOL FLAVOURS D.O.O., OPEKARNI\u0160KA CESTA 2C, 3000 CELJE, info@frutol.net &nbsp; 2. Kontakti poobla\u0161\u010dene osebe videonadzornega sistema pri upravljavcu: Peter Drobe\u017e, peter@drobez.net &nbsp; 3. Namen obdelave osebnih podatkov: Videonadzorni sistem se izvaja z [&hellip;]","og_url":"https:\/\/frutol.net\/sl\/videonadzor\/","og_site_name":"Frutol","article_modified_time":"2024-12-13T05:41:50+00:00","twitter_card":"summary_large_image","twitter_misc":{"Est. reading time":"3 minute"},"schema":{"@context":"https:\/\/schema.org","@graph":[{"@type":"WebPage","@id":"https:\/\/frutol.net\/sl\/videonadzor\/","url":"https:\/\/frutol.net\/sl\/videonadzor\/","name":"Videonadzor - Frutol","isPartOf":{"@id":"https:\/\/frutol.net\/sl\/#website"},"datePublished":"2024-12-13T05:32:35+00:00","dateModified":"2024-12-13T05:41:50+00:00","breadcrumb":{"@id":"https:\/\/frutol.net\/sl\/videonadzor\/#breadcrumb"},"inLanguage":"sl-SI","potentialAction":[{"@type":"ReadAction","target":["https:\/\/frutol.net\/sl\/videonadzor\/"]}]},{"@type":"BreadcrumbList","@id":"https:\/\/frutol.net\/sl\/videonadzor\/#breadcrumb","itemListElement":[{"@type":"ListItem","position":1,"name":"Home","item":"https:\/\/frutol.net\/sl\/"},{"@type":"ListItem","position":2,"name":"Videonadzor"}]},{"@type":"WebSite","@id":"https:\/\/frutol.net\/sl\/#website","url":"https:\/\/frutol.net\/sl\/","name":"Frutol","description":"Okusi prilagojeni in izpopolnjeni po va\u0161i izbiri","publisher":{"@id":"https:\/\/frutol.net\/sl\/#organization"},"potentialAction":[{"@type":"SearchAction","target":{"@type":"EntryPoint","urlTemplate":"https:\/\/frutol.net\/sl\/?s={search_term_string}"},"query-input":{"@type":"PropertyValueSpecification","valueRequired":true,"valueName":"search_term_string"}}],"inLanguage":"sl-SI"},{"@type":"Organization","@id":"https:\/\/frutol.net\/sl\/#organization","name":"Frutol","url":"https:\/\/frutol.net\/sl\/","logo":{"@type":"ImageObject","inLanguage":"sl-SI","@id":"https:\/\/frutol.net\/sl\/#\/schema\/logo\/image\/","url":"https:\/\/frutol.net\/wp-content\/uploads\/2023\/03\/logo-mobile.svg","contentUrl":"https:\/\/frutol.net\/wp-content\/uploads\/2023\/03\/logo-mobile.svg","width":150,"height":73,"caption":"Frutol"},"image":{"@id":"https:\/\/frutol.net\/sl\/#\/schema\/logo\/image\/"}}]}},"_links":{"self":[{"href":"https:\/\/frutol.net\/sl\/wp-json\/wp\/v2\/pages\/5796","targetHints":{"allow":["GET"]}}],"collection":[{"href":"https:\/\/frutol.net\/sl\/wp-json\/wp\/v2\/pages"}],"about":[{"href":"https:\/\/frutol.net\/sl\/wp-json\/wp\/v2\/types\/page"}],"author":[{"embeddable":true,"href":"https:\/\/frutol.net\/sl\/wp-json\/wp\/v2\/users\/1"}],"replies":[{"embeddable":true,"href":"https:\/\/frutol.net\/sl\/wp-json\/wp\/v2\/comments?post=5796"}],"version-history":[{"count":7,"href":"https:\/\/frutol.net\/sl\/wp-json\/wp\/v2\/pages\/5796\/revisions"}],"predecessor-version":[{"id":5805,"href":"https:\/\/frutol.net\/sl\/wp-json\/wp\/v2\/pages\/5796\/revisions\/5805"}],"wp:attachment":[{"href":"https:\/\/frutol.net\/sl\/wp-json\/wp\/v2\/media?parent=5796"}],"curies":[{"name":"wp","href":"https:\/\/api.w.org\/{rel}","templated":true}]}}